{"id":5820,"date":"2026-02-05T11:58:37","date_gmt":"2026-02-05T10:58:37","guid":{"rendered":"https:\/\/www.gamma.ch\/premium-outlet\/?post_type=product&#038;p=5820"},"modified":"2026-02-06T15:35:00","modified_gmt":"2026-02-06T14:35:00","slug":"bb-outdoor-sessel-la-bambola","status":"publish","type":"product","link":"https:\/\/www.gamma.ch\/premium-outlet\/produkt\/bb-outdoor-sessel-la-bambola\/","title":{"rendered":"B&amp;B Outdoor-Sessel La Bambola"},"content":{"rendered":"","protected":false},"excerpt":{"rendered":"<p><img decoding=\"async\" class=\"alignnone wp-image-1408\" src=\"https:\/\/www.gamma.ch\/premium-outlet\/wp-content\/uploads\/sites\/2\/2023\/01\/TopMarken_teaser_240x240px-_Logos_BB_.svg\" alt=\"\" width=\"115\" \/><\/p>\n<p>Der Bambola-Sessel, Teil der ikonischen Le Bambole-Kollektion, die 1972 von Mario Bellini entworfen und 1979 mit dem Compasso d&#8217;Oro ausgezeichnet wurde, wird in einer neuen Outdoor-Version angeboten, die die gleichen sanften Kurven und einladenden Formen beibeh\u00e4lt, die das urspr\u00fcngliche Design zum Klassiker machten. Der Einsatz wetterfester, leistungsstarker Materialien sorgt daf\u00fcr, dass La Bambola Outdoor durch seine Sch\u00f6nheit und Langlebigkeit hervorsticht und Au\u00dfenbereiche in Zufluchtsorte des Komforts und Stils verwandelt.<\/p>\n","protected":false},"featured_media":5824,"comment_status":"open","ping_status":"closed","template":"","meta":[],"product_cat":[29],"product_tag":[],"_links":{"self":[{"href":"https:\/\/www.gamma.ch\/premium-outlet\/wp-json\/wp\/v3\/product\/5820"}],"collection":[{"href":"https:\/\/www.gamma.ch\/premium-outlet\/wp-json\/wp\/v3\/product"}],"about":[{"href":"https:\/\/www.gamma.ch\/premium-outlet\/wp-json\/wp\/v2\/types\/product"}],"replies":[{"embeddable":true,"href":"https:\/\/www.gamma.ch\/premium-outlet\/wp-json\/wp\/v2\/comments?post=5820"}],"wp:featuredmedia":[{"embeddable":true,"href":"https:\/\/www.gamma.ch\/premium-outlet\/wp-json\/wp\/v2\/media\/5824"}],"wp:attachment":[{"href":"https:\/\/www.gamma.ch\/premium-outlet\/wp-json\/wp\/v2\/media?parent=5820"}],"wp:term":[{"taxonomy":"product_cat","embeddable":true,"href":"https:\/\/www.gamma.ch\/premium-outlet\/wp-json\/wp\/v2\/product_cat?post=5820"},{"taxonomy":"product_tag","embeddable":true,"href":"https:\/\/www.gamma.ch\/premium-outlet\/wp-json\/wp\/v2\/product_tag?post=5820"}],"curies":[{"name":"wp","href":"https:\/\/api.w.org\/{rel}","templated":true}]}}