{"id":5388,"date":"2025-04-09T15:18:58","date_gmt":"2025-04-09T13:18:58","guid":{"rendered":"https:\/\/www.gamma.ch\/premium-outlet\/?post_type=product&#038;p=5388"},"modified":"2026-01-02T17:51:45","modified_gmt":"2026-01-02T16:51:45","slug":"minotti-buecherregal-johns","status":"publish","type":"product","link":"https:\/\/www.gamma.ch\/premium-outlet\/produkt\/minotti-buecherregal-johns\/","title":{"rendered":"Minotti B\u00fccherregal Johns"},"content":{"rendered":"","protected":false},"excerpt":{"rendered":"<p><img decoding=\"async\" class=\"alignnone wp-image-1416\" src=\"https:\/\/www.gamma.ch\/premium-outlet\/wp-content\/uploads\/sites\/2\/2023\/01\/TopMarken_teaser_240x240px-_Logos_Minotti.svg\" alt=\"\" width=\"150\" \/><\/p>\n<p>Zwei starke Ideen. Das Gestell zielt ausschlie\u00dflich auf Einfachheit und Kombinierbarkeit ab, ohne Zugest\u00e4ndnisse an eine formale Rhetorik.<br \/>\nUnd dann die Dicke: 70 mm, fast eine Metapher seines Charakters. Etwas, was Dauerhaftigkeit, Stabilit\u00e4t und Pr\u00e4gnanz erahnen l\u00e4sst.<\/p>\n","protected":false},"featured_media":5392,"comment_status":"open","ping_status":"closed","template":"","meta":[],"product_cat":[89,51],"product_tag":[],"_links":{"self":[{"href":"https:\/\/www.gamma.ch\/premium-outlet\/wp-json\/wp\/v3\/product\/5388"}],"collection":[{"href":"https:\/\/www.gamma.ch\/premium-outlet\/wp-json\/wp\/v3\/product"}],"about":[{"href":"https:\/\/www.gamma.ch\/premium-outlet\/wp-json\/wp\/v2\/types\/product"}],"replies":[{"embeddable":true,"href":"https:\/\/www.gamma.ch\/premium-outlet\/wp-json\/wp\/v2\/comments?post=5388"}],"wp:featuredmedia":[{"embeddable":true,"href":"https:\/\/www.gamma.ch\/premium-outlet\/wp-json\/wp\/v2\/media\/5392"}],"wp:attachment":[{"href":"https:\/\/www.gamma.ch\/premium-outlet\/wp-json\/wp\/v2\/media?parent=5388"}],"wp:term":[{"taxonomy":"product_cat","embeddable":true,"href":"https:\/\/www.gamma.ch\/premium-outlet\/wp-json\/wp\/v2\/product_cat?post=5388"},{"taxonomy":"product_tag","embeddable":true,"href":"https:\/\/www.gamma.ch\/premium-outlet\/wp-json\/wp\/v2\/product_tag?post=5388"}],"curies":[{"name":"wp","href":"https:\/\/api.w.org\/{rel}","templated":true}]}}