{"id":5365,"date":"2025-04-03T14:13:43","date_gmt":"2025-04-03T12:13:43","guid":{"rendered":"https:\/\/www.gamma.ch\/premium-outlet\/?post_type=product&#038;p=5365"},"modified":"2026-01-27T11:36:45","modified_gmt":"2026-01-27T10:36:45","slug":"minotti-fauteuil-winston","status":"publish","type":"product","link":"https:\/\/www.gamma.ch\/premium-outlet\/produkt\/minotti-fauteuil-winston\/","title":{"rendered":"Minotti Fauteuil Winston"},"content":{"rendered":"","protected":false},"excerpt":{"rendered":"<p>&nbsp;<\/p>\n<p><img decoding=\"async\" class=\"alignnone wp-image-1416\" src=\"https:\/\/www.gamma.ch\/premium-outlet\/wp-content\/uploads\/sites\/2\/2023\/01\/TopMarken_teaser_240x240px-_Logos_Minotti.svg\" alt=\"\" width=\"150\" \/><br \/>\nEin Hauch von Vintage f\u00fcr einen Sessel, der eine moderne Variante der traditionellen Capitonn\u00e9-Verarbeitung pr\u00e4sentiert. Der Sessel Winston beweist eindeutig, dass es Minotti gelingt, Produkte zu schaffen, die sich der fortgeschrittensten Technologien bedient, gleichzeitig aber die klassische Polsterkunst nicht aus den Augen verliert.<\/p>\n<p>&nbsp;<\/p>\n","protected":false},"featured_media":5370,"comment_status":"open","ping_status":"closed","template":"","meta":[],"product_cat":[51],"product_tag":[],"_links":{"self":[{"href":"https:\/\/www.gamma.ch\/premium-outlet\/wp-json\/wp\/v3\/product\/5365"}],"collection":[{"href":"https:\/\/www.gamma.ch\/premium-outlet\/wp-json\/wp\/v3\/product"}],"about":[{"href":"https:\/\/www.gamma.ch\/premium-outlet\/wp-json\/wp\/v2\/types\/product"}],"replies":[{"embeddable":true,"href":"https:\/\/www.gamma.ch\/premium-outlet\/wp-json\/wp\/v2\/comments?post=5365"}],"wp:featuredmedia":[{"embeddable":true,"href":"https:\/\/www.gamma.ch\/premium-outlet\/wp-json\/wp\/v2\/media\/5370"}],"wp:attachment":[{"href":"https:\/\/www.gamma.ch\/premium-outlet\/wp-json\/wp\/v2\/media?parent=5365"}],"wp:term":[{"taxonomy":"product_cat","embeddable":true,"href":"https:\/\/www.gamma.ch\/premium-outlet\/wp-json\/wp\/v2\/product_cat?post=5365"},{"taxonomy":"product_tag","embeddable":true,"href":"https:\/\/www.gamma.ch\/premium-outlet\/wp-json\/wp\/v2\/product_tag?post=5365"}],"curies":[{"name":"wp","href":"https:\/\/api.w.org\/{rel}","templated":true}]}}