{"id":5361,"date":"2025-04-03T13:55:51","date_gmt":"2025-04-03T11:55:51","guid":{"rendered":"https:\/\/www.gamma.ch\/premium-outlet\/?post_type=product&#038;p=5361"},"modified":"2025-04-12T12:29:24","modified_gmt":"2025-04-12T10:29:24","slug":"cassina-salontisch-mexique-klein","status":"publish","type":"product","link":"https:\/\/www.gamma.ch\/premium-outlet\/produkt\/cassina-salontisch-mexique-klein\/","title":{"rendered":"Cassina Salontisch Mexique klein"},"content":{"rendered":"","protected":false},"excerpt":{"rendered":"<p><img decoding=\"async\" class=\"alignnone wp-image-1406\" src=\"https:\/\/www.gamma.ch\/premium-outlet\/wp-content\/uploads\/sites\/2\/2023\/01\/TopMarken_teaser_240x240px-_Logos_Cassina.svg\" alt=\"\" width=\"150\" \/><br \/>\nMexique, geh\u00f6rt zu den Tischen en forme libre, die zwischen 1938 und 1939<br \/>\nentwickelt wurden. Die Struktur, die dazu ausgelegt ist, so wenig Platz wie m\u00f6glich einzunehmen, bietet die M\u00f6glichkeit, mehrere St\u00fccke nebeneinander aufzustellen, um gr\u00f6\u00dfere und regelm\u00e4\u00dfige Kompositionen zu schaffen.<\/p>\n","protected":false},"featured_media":5364,"comment_status":"open","ping_status":"closed","template":"","meta":[],"product_cat":[51],"product_tag":[],"_links":{"self":[{"href":"https:\/\/www.gamma.ch\/premium-outlet\/wp-json\/wp\/v3\/product\/5361"}],"collection":[{"href":"https:\/\/www.gamma.ch\/premium-outlet\/wp-json\/wp\/v3\/product"}],"about":[{"href":"https:\/\/www.gamma.ch\/premium-outlet\/wp-json\/wp\/v2\/types\/product"}],"replies":[{"embeddable":true,"href":"https:\/\/www.gamma.ch\/premium-outlet\/wp-json\/wp\/v2\/comments?post=5361"}],"wp:featuredmedia":[{"embeddable":true,"href":"https:\/\/www.gamma.ch\/premium-outlet\/wp-json\/wp\/v2\/media\/5364"}],"wp:attachment":[{"href":"https:\/\/www.gamma.ch\/premium-outlet\/wp-json\/wp\/v2\/media?parent=5361"}],"wp:term":[{"taxonomy":"product_cat","embeddable":true,"href":"https:\/\/www.gamma.ch\/premium-outlet\/wp-json\/wp\/v2\/product_cat?post=5361"},{"taxonomy":"product_tag","embeddable":true,"href":"https:\/\/www.gamma.ch\/premium-outlet\/wp-json\/wp\/v2\/product_tag?post=5361"}],"curies":[{"name":"wp","href":"https:\/\/api.w.org\/{rel}","templated":true}]}}