{"id":5317,"date":"2025-03-19T17:36:22","date_gmt":"2025-03-19T16:36:22","guid":{"rendered":"https:\/\/www.gamma.ch\/premium-outlet\/?post_type=product&#038;p=5317"},"modified":"2025-06-25T22:55:23","modified_gmt":"2025-06-25T20:55:23","slug":"molteni-sideboard-living-box","status":"publish","type":"product","link":"https:\/\/www.gamma.ch\/premium-outlet\/produkt\/molteni-sideboard-living-box\/","title":{"rendered":"Molteni Sideboard Living Box"},"content":{"rendered":"","protected":false},"excerpt":{"rendered":"<p><img decoding=\"async\" class=\"alignnone wp-image-1417\" src=\"https:\/\/www.gamma.ch\/premium-outlet\/wp-content\/uploads\/sites\/2\/2023\/01\/TopMarken_teaser_240x240px-_Logos_Molteni.svg\" alt=\"\" width=\"150\" \/><br \/>\nArchitektonische Konzepte pr\u00e4gen Living Box, sowie die besondere Nutzung von Materialien und raffinierten Details. Dieses hochaktuelle Produkt von graphischem \u00c4u\u00dferen ist charakteristisch f\u00fcr die italienische Handwerkskunst und ein Schl\u00fcsselelement in jedem Wohnbereich. Die zahlreichen Details, darunter die Materialkombination und die integrierte Beleuchtung macht Living Box zu etwas einzigartigem.<\/p>\n<p>&nbsp;<\/p>\n","protected":false},"featured_media":5324,"comment_status":"open","ping_status":"closed","template":"","meta":[],"product_cat":[51],"product_tag":[],"_links":{"self":[{"href":"https:\/\/www.gamma.ch\/premium-outlet\/wp-json\/wp\/v3\/product\/5317"}],"collection":[{"href":"https:\/\/www.gamma.ch\/premium-outlet\/wp-json\/wp\/v3\/product"}],"about":[{"href":"https:\/\/www.gamma.ch\/premium-outlet\/wp-json\/wp\/v2\/types\/product"}],"replies":[{"embeddable":true,"href":"https:\/\/www.gamma.ch\/premium-outlet\/wp-json\/wp\/v2\/comments?post=5317"}],"wp:featuredmedia":[{"embeddable":true,"href":"https:\/\/www.gamma.ch\/premium-outlet\/wp-json\/wp\/v2\/media\/5324"}],"wp:attachment":[{"href":"https:\/\/www.gamma.ch\/premium-outlet\/wp-json\/wp\/v2\/media?parent=5317"}],"wp:term":[{"taxonomy":"product_cat","embeddable":true,"href":"https:\/\/www.gamma.ch\/premium-outlet\/wp-json\/wp\/v2\/product_cat?post=5317"},{"taxonomy":"product_tag","embeddable":true,"href":"https:\/\/www.gamma.ch\/premium-outlet\/wp-json\/wp\/v2\/product_tag?post=5317"}],"curies":[{"name":"wp","href":"https:\/\/api.w.org\/{rel}","templated":true}]}}