{"id":4704,"date":"2024-09-07T15:07:54","date_gmt":"2024-09-07T13:07:54","guid":{"rendered":"https:\/\/www.gamma.ch\/premium-outlet\/?post_type=product&#038;p=4704"},"modified":"2026-05-01T11:13:45","modified_gmt":"2026-05-01T09:13:45","slug":"interluebke-ankleide-collect-ohne-schwebetueren","status":"publish","type":"product","link":"https:\/\/www.gamma.ch\/premium-outlet\/produkt\/interluebke-ankleide-collect-ohne-schwebetueren\/","title":{"rendered":"Interl\u00fcbke Ankleide Collect (ohne Schwebet\u00fcren)"},"content":{"rendered":"","protected":false},"excerpt":{"rendered":"<p><img decoding=\"async\" class=\"alignnone wp-image-1412\" src=\"https:\/\/www.gamma.ch\/premium-outlet\/wp-content\/uploads\/sites\/2\/2023\/01\/TopMarken_teaser_240x240px-_Logos_Interbluebke.svg\" alt=\"\" width=\"150\" \/><\/p>\n<p>Zeitlos, innovativ, aussergew\u00f6hnlich durchdacht und ein Wohngef\u00fchl<br \/>\nschaffend, das von Klarheit und \u00c4sthetik gepr\u00e4gt wird. Diese Philosophie ist von Beginn an Leitmotiv f\u00fcr die Entwicklung von interl\u00fcbke<br \/>\nM\u00f6beln.<\/p>\n","protected":false},"featured_media":4717,"comment_status":"open","ping_status":"closed","template":"","meta":[],"product_cat":[52],"product_tag":[],"_links":{"self":[{"href":"https:\/\/www.gamma.ch\/premium-outlet\/wp-json\/wp\/v3\/product\/4704"}],"collection":[{"href":"https:\/\/www.gamma.ch\/premium-outlet\/wp-json\/wp\/v3\/product"}],"about":[{"href":"https:\/\/www.gamma.ch\/premium-outlet\/wp-json\/wp\/v2\/types\/product"}],"replies":[{"embeddable":true,"href":"https:\/\/www.gamma.ch\/premium-outlet\/wp-json\/wp\/v2\/comments?post=4704"}],"wp:featuredmedia":[{"embeddable":true,"href":"https:\/\/www.gamma.ch\/premium-outlet\/wp-json\/wp\/v2\/media\/4717"}],"wp:attachment":[{"href":"https:\/\/www.gamma.ch\/premium-outlet\/wp-json\/wp\/v2\/media?parent=4704"}],"wp:term":[{"taxonomy":"product_cat","embeddable":true,"href":"https:\/\/www.gamma.ch\/premium-outlet\/wp-json\/wp\/v2\/product_cat?post=4704"},{"taxonomy":"product_tag","embeddable":true,"href":"https:\/\/www.gamma.ch\/premium-outlet\/wp-json\/wp\/v2\/product_tag?post=4704"}],"curies":[{"name":"wp","href":"https:\/\/api.w.org\/{rel}","templated":true}]}}