{"id":4338,"date":"2024-05-08T11:28:33","date_gmt":"2024-05-08T09:28:33","guid":{"rendered":"https:\/\/www.gamma.ch\/premium-outlet\/?post_type=product&#038;p=4338"},"modified":"2024-06-19T10:39:59","modified_gmt":"2024-06-19T08:39:59","slug":"schramm-untermatratze-um-160x210cm","status":"publish","type":"product","link":"https:\/\/www.gamma.ch\/premium-outlet\/produkt\/schramm-untermatratze-um-160x210cm\/","title":{"rendered":"Schramm Untermatratze UM \/ 160x210cm"},"content":{"rendered":"","protected":false},"excerpt":{"rendered":"<p><img decoding=\"async\" class=\"alignnone wp-image-1420\" src=\"https:\/\/www.gamma.ch\/premium-outlet\/wp-content\/uploads\/sites\/2\/2023\/01\/TopMarken_teaser_240x240px-_Logos_Schramm.svg\" alt=\"\" width=\"150\" \/><\/p>\n<p>Die Untermatratze tr\u00e4gt einen wesentlichen Teil zu dem Gesamtkomfort des SCHRAMM Schlafsystems bei. Sie muss jedoch im Vergleich zur Matratze eine v\u00f6llig andere Funktion \u00fcbernehmen und ist darum stabil, kraftvoll und in ihrem Wirkungsgrad immer gleich.<br \/>\nDie SCHRAMM Obermatratze wird differenziert mit der Wahl der Ausf\u00fchrung bzw. Rezeptur auf das K\u00f6rpergewicht des Schl\u00e4fers abgestimmt. Ohne eine der beiden Komponenten bes\u00e4\u00dfe ein Boxspringbett nicht ann\u00e4hernd so viel Komfort.<\/p>\n","protected":false},"featured_media":3827,"comment_status":"open","ping_status":"closed","template":"","meta":[],"product_cat":[52],"product_tag":[],"_links":{"self":[{"href":"https:\/\/www.gamma.ch\/premium-outlet\/wp-json\/wp\/v3\/product\/4338"}],"collection":[{"href":"https:\/\/www.gamma.ch\/premium-outlet\/wp-json\/wp\/v3\/product"}],"about":[{"href":"https:\/\/www.gamma.ch\/premium-outlet\/wp-json\/wp\/v2\/types\/product"}],"replies":[{"embeddable":true,"href":"https:\/\/www.gamma.ch\/premium-outlet\/wp-json\/wp\/v2\/comments?post=4338"}],"wp:featuredmedia":[{"embeddable":true,"href":"https:\/\/www.gamma.ch\/premium-outlet\/wp-json\/wp\/v2\/media\/3827"}],"wp:attachment":[{"href":"https:\/\/www.gamma.ch\/premium-outlet\/wp-json\/wp\/v2\/media?parent=4338"}],"wp:term":[{"taxonomy":"product_cat","embeddable":true,"href":"https:\/\/www.gamma.ch\/premium-outlet\/wp-json\/wp\/v2\/product_cat?post=4338"},{"taxonomy":"product_tag","embeddable":true,"href":"https:\/\/www.gamma.ch\/premium-outlet\/wp-json\/wp\/v2\/product_tag?post=4338"}],"curies":[{"name":"wp","href":"https:\/\/api.w.org\/{rel}","templated":true}]}}