{"id":3442,"date":"2023-10-05T16:41:35","date_gmt":"2023-10-05T14:41:35","guid":{"rendered":"https:\/\/www.gamma.ch\/premium-outlet\/?post_type=product&#038;p=3442"},"modified":"2025-06-10T16:07:05","modified_gmt":"2025-06-10T14:07:05","slug":"kettnaker-sideboard-soma-2","status":"publish","type":"product","link":"https:\/\/www.gamma.ch\/premium-outlet\/produkt\/kettnaker-sideboard-soma-2\/","title":{"rendered":"Kettnaker Sideboard Soma"},"content":{"rendered":"","protected":false},"excerpt":{"rendered":"<p><img decoding=\"async\" class=\"alignnone wp-image-1414\" src=\"https:\/\/www.gamma.ch\/premium-outlet\/wp-content\/uploads\/sites\/2\/2023\/01\/TopMarken_teaser_240x240px-_Logos_Kettnaker.svg\" alt=\"\" width=\"150\" \/><\/p>\n<p>Ein M\u00f6bel \u2013 unendliche M\u00f6glichkeiten.<br \/>\nDurch die Trennung von Oberfl\u00e4che und konstruktivem Korpus l\u00e4sst sich das<br \/>\n\u00e4u\u00dfere Erscheinungsbild jederzeit ver\u00e4ndern. 6 Millimeter feine Blenden werden von kraftvollen, im Korpus eingelassenen Magneten gehalten. Sie lassen sich beliebig kombinieren, einfach und schnell von Hand auswechseln und neu anordnen. Dies garantiert nicht nur Langlebigkeit und Nachhaltigkeit, sondern bietet auch nach Jahren die Option Farben und Material zu ver\u00e4ndern<\/p>\n<p>&nbsp;<\/p>\n","protected":false},"featured_media":1976,"comment_status":"open","ping_status":"closed","template":"","meta":[],"product_cat":[51],"product_tag":[],"_links":{"self":[{"href":"https:\/\/www.gamma.ch\/premium-outlet\/wp-json\/wp\/v3\/product\/3442"}],"collection":[{"href":"https:\/\/www.gamma.ch\/premium-outlet\/wp-json\/wp\/v3\/product"}],"about":[{"href":"https:\/\/www.gamma.ch\/premium-outlet\/wp-json\/wp\/v2\/types\/product"}],"replies":[{"embeddable":true,"href":"https:\/\/www.gamma.ch\/premium-outlet\/wp-json\/wp\/v2\/comments?post=3442"}],"wp:featuredmedia":[{"embeddable":true,"href":"https:\/\/www.gamma.ch\/premium-outlet\/wp-json\/wp\/v2\/media\/1976"}],"wp:attachment":[{"href":"https:\/\/www.gamma.ch\/premium-outlet\/wp-json\/wp\/v2\/media?parent=3442"}],"wp:term":[{"taxonomy":"product_cat","embeddable":true,"href":"https:\/\/www.gamma.ch\/premium-outlet\/wp-json\/wp\/v2\/product_cat?post=3442"},{"taxonomy":"product_tag","embeddable":true,"href":"https:\/\/www.gamma.ch\/premium-outlet\/wp-json\/wp\/v2\/product_tag?post=3442"}],"curies":[{"name":"wp","href":"https:\/\/api.w.org\/{rel}","templated":true}]}}