{"id":1668,"date":"2023-02-01T13:51:22","date_gmt":"2023-02-01T12:51:22","guid":{"rendered":"https:\/\/www.gamma.ch\/premium-outlet\/?post_type=product&#038;p=1668"},"modified":"2025-05-08T09:45:21","modified_gmt":"2025-05-08T07:45:21","slug":"cassina-sessel-gender-mit-hocker","status":"publish","type":"product","link":"https:\/\/www.gamma.ch\/premium-outlet\/produkt\/cassina-sessel-gender-mit-hocker\/","title":{"rendered":"Cassina Sessel Gender mit Hocker"},"content":{"rendered":"","protected":false},"excerpt":{"rendered":"<p><img decoding=\"async\" class=\"alignnone wp-image-1409\" src=\"https:\/\/www.gamma.ch\/premium-outlet\/wp-content\/uploads\/sites\/2\/2023\/01\/TopMarken_teaser_240x240px-_Logos_Cassina-1.svg\" alt=\"\" width=\"150\" \/><\/p>\n<p>Gender ist ein einh\u00fcllender, eleganter und flexibler<br \/>\nSessel. Seine wandelbare Identit\u00e4t entsteht aus dem<br \/>\nAufeinandertreffen unterschiedlicher Farben und Materialien, die sich untereinander mit unendlicher Meisterhaftigkeit kombinieren. Die R\u00fcckenlehne passt sich an den Druck des K\u00f6rpers an und neigt sich um etwa 12 Grad, um dann dank eines Schwingmechanismus, der das Gef\u00fchl des Komforts und der Weiche noch verst\u00e4rkt, wieder automatisch in die Ausgangsposition zur\u00fcckzukehren. Der Sessel, der ganz<br \/>\neinfach einzigartig ist, wird durch einen kostbaren Saum aus farbigem Leder bereichert, der entlang aller Konturen verl\u00e4uft die geschwungenen Formen unterstreicht.<\/p>\n","protected":false},"featured_media":1055,"comment_status":"open","ping_status":"closed","template":"","meta":[],"product_cat":[51],"product_tag":[],"_links":{"self":[{"href":"https:\/\/www.gamma.ch\/premium-outlet\/wp-json\/wp\/v3\/product\/1668"}],"collection":[{"href":"https:\/\/www.gamma.ch\/premium-outlet\/wp-json\/wp\/v3\/product"}],"about":[{"href":"https:\/\/www.gamma.ch\/premium-outlet\/wp-json\/wp\/v2\/types\/product"}],"replies":[{"embeddable":true,"href":"https:\/\/www.gamma.ch\/premium-outlet\/wp-json\/wp\/v2\/comments?post=1668"}],"wp:featuredmedia":[{"embeddable":true,"href":"https:\/\/www.gamma.ch\/premium-outlet\/wp-json\/wp\/v2\/media\/1055"}],"wp:attachment":[{"href":"https:\/\/www.gamma.ch\/premium-outlet\/wp-json\/wp\/v2\/media?parent=1668"}],"wp:term":[{"taxonomy":"product_cat","embeddable":true,"href":"https:\/\/www.gamma.ch\/premium-outlet\/wp-json\/wp\/v2\/product_cat?post=1668"},{"taxonomy":"product_tag","embeddable":true,"href":"https:\/\/www.gamma.ch\/premium-outlet\/wp-json\/wp\/v2\/product_tag?post=1668"}],"curies":[{"name":"wp","href":"https:\/\/api.w.org\/{rel}","templated":true}]}}