{"id":236,"date":"2022-12-05T11:43:50","date_gmt":"2022-12-05T10:43:50","guid":{"rendered":"https:\/\/www.gamma.ch\/premium-outlet\/?page_id=236"},"modified":"2025-09-17T10:39:48","modified_gmt":"2025-09-17T08:39:48","slug":"agb","status":"publish","type":"page","link":"https:\/\/www.gamma.ch\/premium-outlet\/agb\/","title":{"rendered":"AGB"},"content":{"rendered":"<h3>Allgemein<\/h3>\n<p>Mit der Bestellung in unserem Premium Outlet Onlineshop akzeptiert die K\u00e4uferschaft diese Verkaufsbedingungen. Die Verkaufsbedingungen haben ausschliesslich G\u00fcltigkeit f\u00fcr Eink\u00e4ufe im GAMMA Premium Outlet Shop.<\/p>\n<p>Bei den Angeboten handelt es sich um neuwertige Spitzenprodukte erstklassiger Marken, welche ausschliesslich bei uns in der Ausstellung stehen\/standen. Es handelt sich um Einzelst\u00fccke. Unsere Preise sind im Vergleich zu Neuwaren entsprechend herabgesetzt. Etwaige Gebrauchsspuren der Waren, Abnutzungen durch Sitzproben bei Sitzm\u00f6beln, Liegeproben bei Liegem\u00f6beln, etc. \u00a0sind im reduzierten Preis ber\u00fccksichtigt und k\u00f6nnen nicht Grund einer Beanstandung sein. Alle Masse, Preise und Angaben sind nach bestem Wissen und Gewissen aufgef\u00fchrt. Schreib- oder Bildfehler sowie geringf\u00fcgige Abweichungen in Struktur, Gr\u00f6sse, Farbe oder Verarbeitung bleiben vorbehalten.<\/p>\n<p>Die Bestellung gilt als Angebot der K\u00e4uferschaft einen Vertrag abzuschliessen. Dieser entsteht erst nach Bezahlung der Ware und nach erfolgter Best\u00e4tigungsemail unsererseits und kann danach nicht mehr ge\u00e4ndert werden und ist somit verbindlich.<\/p>\n<p>GAMMA steht es ohne Angaben von Gr\u00fcnden frei, Bestellungen ganz oder teilweise abzulehnen. Die Ablehnung wird per Email mitgeteilt. Allf\u00e4llig geleistete Zahlungen werden zur\u00fcckerstattet. Weitere Anspr\u00fcche sind ausgeschlossen.<\/p>\n<p>&nbsp;<\/p>\n<h3>Abholung<\/h3>\n<p>Die bestellten Waren sind bei uns in Wil oder in Sirnach abzuholen. Die Abholung ist fr\u00fchestens ab dem 5. Arbeitstag nach Erhalt der Best\u00e4tigungsemail m\u00f6glich und hat sp\u00e4testens innert drei Wochen nach der Bestellung zu erfolgen. In der Best\u00e4tigungsemail wird die K\u00e4uferschaft \u00fcber die Abholungsmodalit\u00e4ten informiert.<br \/>\nSollten die bestellten Waren nicht innerhalb von drei Wochen nach der Bestellung abgeholt werden, wird pro angefangene Woche eine Lagergeb\u00fchr von CHF 20.00 verrechnet.<\/p>\n<p>&nbsp;<\/p>\n<h3>Lieferung<\/h3>\n<p>Wer die Waren nicht selber bei uns in Wil oder in Sirnach abholen will\/kann, dem liefern wir gegen einen Aufpreis (pro Kanton wird jeweils eine individuelle Regelung getroffen) die bestellten Waren direkt an den von ihm gew\u00fcnschten Standort in der Schweiz. F\u00fcr Lieferungen nach Deutschland und \u00d6sterreich werden Sie nach Bestelleingang von uns kontaktiert, um die Lieferkosten zu besprechen. Komplizierte Liefersituationen (enge Treppenh\u00e4user, keine oder erschwerte Zufahrtswege mit den Lieferwagen, etc.) sind mit der Bestellung mitzuteilen, damit allf\u00e4llige Mehrkosten (z.B. Warenaussenlifte, Hebeb\u00fchnen, etc.) vereinbart und separat in Rechnung gestellt werden k\u00f6nnen.<\/p>\n<p>Die Entsorgung allf\u00e4lliger bestehender Einrichtungsgegenst\u00e4nde muss vorg\u00e4ngig mit dem Disponenten abgesprochen werden und ist Zahlungspflichtig.<br \/>\nDie Lieferzeit betr\u00e4gt 5 bis h\u00f6chstens 15 Arbeitstage. Ein Zeitplan f\u00fcr die Lieferung wird per Email oder telefonisch nach der Bestellung der K\u00e4uferschaft \u00fcbermittelt.<\/p>\n<p>Sollte die Ware nicht innert 6 Wochen nach der Bestellung aus Gr\u00fcnden, welche die K\u00e4uferschaft zu vertreten hat ausgeliefert werden k\u00f6nnen, wird pro angefangene Woche, d.h. ab Woche 7 nach der Bestellung eine Lagergeb\u00fchr von w\u00f6chentlich CHF 20.00 verrechnet. Kann GAMMA einen Liefertermin nicht einhalten, wird die K\u00e4uferschaft rechtzeitig dar\u00fcber informiert, damit ein passender Liefertermin gefunden werden kann. Lieferverz\u00f6gerungen von bis zu 15 Arbeitstagen sind von der K\u00e4uferschaft zu akzeptieren. Sie berechtigen die K\u00e4uferschaft weder zur Annahmeverweigerung der bestellten Ware, noch zu Schadenersatzforderungen oder Kaufpreisr\u00fcckerstattungen.<\/p>\n<p>&nbsp;<\/p>\n<h3>Montage <strong>\u00a0<\/strong><\/h3>\n<p>Auf Wunsch und gegen eine Geb\u00fchr werden die bestellten Waren fachgerecht durch die eigene GAMMA Montagecrew aufgebaut. S\u00e4mtliche Liefer- und Montagekosten werden im Warenkorb automatisch berechnet und im Rahmen des Bestellvorgangs (Best\u00e4tigungsemail ) separat mitgeteilt.<\/p>\n<p>&nbsp;<\/p>\n<h3>Postversand<\/h3>\n<p>Kleinere Artikel k\u00f6nnen per Post verschickt werden. Die Pauschale betr\u00e4gt CHF 25.00.<br \/>\nNach der Bestellung erhalten Sie eine Best\u00e4tigungsemail mit den notwendigen Angaben.<\/p>\n<p>&nbsp;<\/p>\n<h3>Zahlungskonditionen<\/h3>\n<p>Die Zahlung wird mit der Bestellung f\u00e4llig und ist als Nettopreis inkl. MwSt. zu verstehen.<br \/>\nDie Preise verstehen sich in Schweizer Franken (CHF).<\/p>\n<p>&nbsp;<\/p>\n<h3>Gew\u00e4hrleistung<\/h3>\n<p>Da es sich bei den Waren um Ausstellungsst\u00fccke handelt, werden die Waren im Onlineshop zu reduzierten Preisen verkauft (ca. 30% bis 50% unter dem Neupreis) . Aus diesem Grunde wird die Gew\u00e4hrleistung vollumf\u00e4nglich wegbedungen.<\/p>\n<p>&nbsp;<\/p>\n<h3>Beanstandungen bei Lieferungssch\u00e4den bzw. Montage<\/h3>\n<p>Allf\u00e4llige Beanstandungen in Bezug auf Sch\u00e4den, welche durch die Lieferung bzw. Montage entstehen, sind unverz\u00fcglich vor Ort bei der Abgabe der Waren bzw. Montage der Liefer- bzw. Montagecrew zu melden.<\/p>\n<p>&nbsp;<\/p>\n<h3>\u00c4nderungsvorbehalt AGB<\/h3>\n<p>Der Inhaber des Premium Outlets by GAMMA sind berechtigt, diese AGB durch Mitteilung an der K\u00e4ufer oder durch die Ver\u00f6ffentlichung auf der Website jederzeit zu \u00e4ndern.<\/p>\n<p>&nbsp;<\/p>\n<h3>Copyright<\/h3>\n<p>Das Kopieren oder die Verwertung der Texte und Bilder auf der gesamten Website sind nur mit vorheriger ausdr\u00fccklicher schriftlicher Genehmigung gestattet. Das Copyright liegt bei GAMMA AG, 9500 Wil\/ SG.<\/p>\n<p>&nbsp;<\/p>\n<h3>Datenschutz<\/h3>\n<p>Die im Laufe der Bestellung aufgenommenen Daten werden zur Erf\u00fcllung des Kaufvertrags erhoben und genutzt. Sie k\u00f6nnen ausserdem von GAMMA f\u00fcr Werbezwecke eingesetzt werden. Mit dem Akzeptieren dieser Verkaufsbedingungen zeigt sich die K\u00e4uferschaft damit einverstanden.<\/p>\n<p>&nbsp;<\/p>\n<h3>Gerichtstand \/ Anwendbares Recht<\/h3>\n<p>Es gelten die Bestimmungen des schweizerischen Rechtes.<\/p>\n","protected":false},"excerpt":{"rendered":"<p>Allgemein Mit der Bestellung in unserem Premium Outlet Onlineshop akzeptiert die K\u00e4uferschaft diese Verkaufsbedingungen. Die Verkaufsbedingungen haben ausschliesslich G\u00fcltigkeit f\u00fcr Eink\u00e4ufe im GAMMA Premium Outlet Shop. Bei den Angeboten handelt es sich um neuwertige Spitzenprodukte erstklassiger Marken, welche ausschliesslich bei uns in der Ausstellung stehen\/standen. Es handelt sich um Einzelst\u00fccke. Unsere Preise sind im Vergleich [&hellip;]<\/p>\n","protected":false},"author":1,"featured_media":0,"parent":0,"menu_order":0,"comment_status":"closed","ping_status":"closed","template":"","meta":[],"_links":{"self":[{"href":"https:\/\/www.gamma.ch\/premium-outlet\/wp-json\/wp\/v2\/pages\/236"}],"collection":[{"href":"https:\/\/www.gamma.ch\/premium-outlet\/wp-json\/wp\/v2\/pages"}],"about":[{"href":"https:\/\/www.gamma.ch\/premium-outlet\/wp-json\/wp\/v2\/types\/page"}],"author":[{"embeddable":true,"href":"https:\/\/www.gamma.ch\/premium-outlet\/wp-json\/wp\/v2\/users\/1"}],"replies":[{"embeddable":true,"href":"https:\/\/www.gamma.ch\/premium-outlet\/wp-json\/wp\/v2\/comments?post=236"}],"version-history":[{"count":13,"href":"https:\/\/www.gamma.ch\/premium-outlet\/wp-json\/wp\/v2\/pages\/236\/revisions"}],"predecessor-version":[{"id":5730,"href":"https:\/\/www.gamma.ch\/premium-outlet\/wp-json\/wp\/v2\/pages\/236\/revisions\/5730"}],"wp:attachment":[{"href":"https:\/\/www.gamma.ch\/premium-outlet\/wp-json\/wp\/v2\/media?parent=236"}],"curies":[{"name":"wp","href":"https:\/\/api.w.org\/{rel}","templated":true}]}}